{"id":2,"date":"2024-11-13T22:36:53","date_gmt":"2024-11-13T21:36:53","guid":{"rendered":"https:\/\/bvr53c1n.myrdbx.io\/?page_id=2"},"modified":"2025-11-29T06:50:16","modified_gmt":"2025-11-29T05:50:16","slug":"impressum","status":"publish","type":"page","link":"https:\/\/regioconnect.org\/en\/impressum\/","title":{"rendered":"Imprint"},"content":{"rendered":"<div data-elementor-type=\"wp-page\" data-elementor-id=\"2\" class=\"elementor elementor-2\" data-elementor-post-type=\"page\">\n\t\t\t\t<div class=\"elementor-element elementor-element-6e01bc41 e-flex e-con-boxed e-con e-parent\" data-id=\"6e01bc41\" data-element_type=\"container\" data-e-type=\"container\">\n\t\t\t\t\t<div class=\"e-con-inner\">\n\t\t\t\t<div class=\"elementor-element elementor-element-564fc8f9 elementor-widget elementor-widget-text-editor\" data-id=\"564fc8f9\" data-element_type=\"widget\" data-e-type=\"widget\" data-widget_type=\"text-editor.default\">\n\t\t\t\t<div class=\"elementor-widget-container\">\n\t\t\t\t\t\t\t\t\t<p><\/p>\n<h4>Anschrift<\/h4>\n<p>LotzApp DC Systems FlexCo<br \/>Emanuel Becherer<br \/>Dresdner Stra\u00dfe 66\/21-22<br \/>1200 Wien, \u00d6sterreich<\/p>\n<p>UID-Nummer:\u00a0<strong>ATU80832949<\/strong>\u00a0(noch zu best\u00e4tigen)<br \/><br \/><\/p>\n<h4>Contact<\/h4>\n<p>Telefon: +43 7956 21300<br \/>E-Mail: <a rel=\"noopener\">info@regioconnect.org<\/a><\/p>\n<p>\u00a0<\/p>\n<hr \/>\n<h3>\u00a0<\/h3>\n<h3>Haftungsausschluss<\/h3>\n<p>\u00a0<\/p>\n<h4>1. Inhalte des Onlineangebotes<\/h4>\n<p>Die Inhalte dieser Website werden mit gr\u00f6\u00dftm\u00f6glicher Sorgfalt erstellt. Der Autor \u00fcbernimmt jedoch keine Gew\u00e4hr f\u00fcr die Richtigkeit, Vollst\u00e4ndigkeit und Aktualit\u00e4t der bereitgestellten Informationen. Haftungsanspr\u00fcche, die durch die Nutzung oder Nichtnutzung der dargebotenen Informationen oder durch die Nutzung fehlerhafter und unvollst\u00e4ndiger Inhalte entstehen, sind grunds\u00e4tzlich ausgeschlossen, sofern kein nachweislich vors\u00e4tzliches oder grob fahrl\u00e4ssiges Verschulden vorliegt.<\/p>\n<p>Der Autor beh\u00e4lt sich das Recht vor, Inhalte jederzeit ohne vorherige Ank\u00fcndigung zu \u00e4ndern, zu erg\u00e4nzen, zu l\u00f6schen oder die Ver\u00f6ffentlichung tempor\u00e4r oder dauerhaft einzustellen.<\/p>\n<h4>\u00a0<\/h4>\n<h4>2. Verweise und Links<\/h4>\n<p>Diese Website enth\u00e4lt Links zu externen Websites Dritter, auf deren Inhalte der Autor keinen Einfluss hat. Zum Zeitpunkt der Verlinkung wurden diese Seiten auf m\u00f6gliche Rechtsverst\u00f6\u00dfe \u00fcberpr\u00fcft; rechtswidrige Inhalte waren nicht erkennbar.<\/p>\n<p>F\u00fcr Inhalte der verlinkten Seiten sind ausschlie\u00dflich deren Betreiber verantwortlich. Eine st\u00e4ndige Kontrolle der externen Links ist ohne konkrete Hinweise auf Rechtsverst\u00f6\u00dfe nicht zumutbar. Bei Bekanntwerden von Rechtsverletzungen werden diese Links umgehend entfernt.<\/p>\n<h4>\u00a0<\/h4>\n<h4>3. Urheber- und Kennzeichenrecht<\/h4>\n<p>Alle Inhalte dieser Website, einschlie\u00dflich Texte, Bilder, Grafiken, Tondokumente und Videosequenzen, unterliegen dem Urheberrecht. Eine Vervielf\u00e4ltigung oder Verwendung ist ohne ausdr\u00fcckliche schriftliche Zustimmung des Autors nicht gestattet.<\/p>\n<p>Die Nutzung von gesch\u00fctzten Marken, Bildern oder Werken Dritter erfolgt unter Beachtung des geltenden Urheberrechts und ist entsprechend gekennzeichnet.<\/p>\n<h4>\u00a0<\/h4>\n<h4>4. Datenschutz<\/h4>\n<p>Die Eingabe pers\u00f6nlicher oder gesch\u00e4ftlicher Daten (z. B. E-Mail-Adressen, Namen, Anschriften) erfolgt freiwillig. Personenbezogene Daten werden gem\u00e4\u00df den geltenden Datenschutzbestimmungen verarbeitet.<\/p>\n<p>Die Nutzung der im Impressum angegebenen Kontaktdaten zur \u00dcbersendung nicht angeforderter Informationen (z. B. Spam-Mails) ist nicht gestattet. Rechtliche Schritte bei Verst\u00f6\u00dfen bleiben vorbehalten.<\/p>\n<h4>\u00a0<\/h4>\n<h4>5. Rechtswirksamkeit<\/h4>\n<p>Dieser Haftungsausschluss ist Bestandteil des Internetangebotes, von dem auf diese Seite verwiesen wurde. Sollten einzelne Bestimmungen dieses Textes unwirksam sein, bleiben die \u00fcbrigen Teile in ihrem Inhalt und ihrer G\u00fcltigkeit unber\u00fchrt.<\/p>\n<p><\/p>\t\t\t\t\t\t\t\t<\/div>\n\t\t\t\t<\/div>\n\t\t\t\t<div class=\"elementor-element elementor-element-05088a4 elementor-widget elementor-widget-heading\" data-id=\"05088a4\" data-element_type=\"widget\" data-e-type=\"widget\" data-widget_type=\"heading.default\">\n\t\t\t\t<div class=\"elementor-widget-container\">\n\t\t\t\t\t<h2 class=\"elementor-heading-title elementor-size-default\">Imprint<\/h2>\t\t\t\t<\/div>\n\t\t\t\t<\/div>\n\t\t\t\t<div class=\"elementor-element elementor-element-897c777 elementor-widget elementor-widget-spacer\" data-id=\"897c777\" data-element_type=\"widget\" data-e-type=\"widget\" data-widget_type=\"spacer.default\">\n\t\t\t\t<div class=\"elementor-widget-container\">\n\t\t\t\t\t\t\t<div class=\"elementor-spacer\">\n\t\t\t<div class=\"elementor-spacer-inner\"><\/div>\n\t\t<\/div>\n\t\t\t\t\t\t<\/div>\n\t\t\t\t<\/div>\n\t\t\t\t\t<\/div>\n\t\t\t\t<\/div>\n\t\t\t\t<\/div>","protected":false},"excerpt":{"rendered":"<p>Anschrift LotzApp DC Systems FlexCoEmanuel BechererDresdner Stra\u00dfe 66\/21-221200 Wien, \u00d6sterreich UID-Nummer:\u00a0ATU80832949\u00a0(noch zu best\u00e4tigen) Kontakt Telefon: +43 7956 21300E-Mail: info@regioconnect.org \u00a0 \u00a0 Haftungsausschluss \u00a0 1. Inhalte des Onlineangebotes Die Inhalte dieser Website werden mit gr\u00f6\u00dftm\u00f6glicher Sorgfalt erstellt. Der Autor \u00fcbernimmt jedoch keine Gew\u00e4hr f\u00fcr die Richtigkeit, Vollst\u00e4ndigkeit und Aktualit\u00e4t der bereitgestellten Informationen. Haftungsanspr\u00fcche, die durch die [&hellip;]<\/p>\n","protected":false},"author":1,"featured_media":0,"parent":0,"menu_order":0,"comment_status":"closed","ping_status":"closed","template":"","meta":{"footnotes":""},"class_list":["post-2","page","type-page","status-publish","hentry"],"_links":{"self":[{"href":"https:\/\/regioconnect.org\/en\/wp-json\/wp\/v2\/pages\/2","targetHints":{"allow":["GET"]}}],"collection":[{"href":"https:\/\/regioconnect.org\/en\/wp-json\/wp\/v2\/pages"}],"about":[{"href":"https:\/\/regioconnect.org\/en\/wp-json\/wp\/v2\/types\/page"}],"author":[{"embeddable":true,"href":"https:\/\/regioconnect.org\/en\/wp-json\/wp\/v2\/users\/1"}],"replies":[{"embeddable":true,"href":"https:\/\/regioconnect.org\/en\/wp-json\/wp\/v2\/comments?post=2"}],"version-history":[{"count":23,"href":"https:\/\/regioconnect.org\/en\/wp-json\/wp\/v2\/pages\/2\/revisions"}],"predecessor-version":[{"id":926,"href":"https:\/\/regioconnect.org\/en\/wp-json\/wp\/v2\/pages\/2\/revisions\/926"}],"wp:attachment":[{"href":"https:\/\/regioconnect.org\/en\/wp-json\/wp\/v2\/media?parent=2"}],"curies":[{"name":"wp","href":"https:\/\/api.w.org\/{rel}","templated":true}]}}