{"id":3,"date":"2024-11-13T22:36:53","date_gmt":"2024-11-13T21:36:53","guid":{"rendered":"https:\/\/bvr53c1n.myrdbx.io\/?page_id=3"},"modified":"2025-11-29T06:47:43","modified_gmt":"2025-11-29T05:47:43","slug":"datenschutzerklaerung","status":"publish","type":"page","link":"https:\/\/regioconnect.org\/en\/datenschutzerklaerung\/","title":{"rendered":"Datenschutzerkl\u00e4rung"},"content":{"rendered":"<div data-elementor-type=\"wp-page\" data-elementor-id=\"3\" class=\"elementor elementor-3\" data-elementor-post-type=\"page\">\n\t\t\t\t<div class=\"elementor-element elementor-element-351efb06 e-flex e-con-boxed e-con e-parent\" data-id=\"351efb06\" data-element_type=\"container\" data-e-type=\"container\">\n\t\t\t\t\t<div class=\"e-con-inner\">\n\t\t\t\t<div class=\"elementor-element elementor-element-bb96e5e elementor-widget elementor-widget-heading\" data-id=\"bb96e5e\" data-element_type=\"widget\" data-e-type=\"widget\" data-widget_type=\"heading.default\">\n\t\t\t\t<div class=\"elementor-widget-container\">\n\t\t\t\t\t<h2 class=\"elementor-heading-title elementor-size-default\">Privacy<\/h2>\t\t\t\t<\/div>\n\t\t\t\t<\/div>\n\t\t\t\t<div class=\"elementor-element elementor-element-56848427 elementor-widget elementor-widget-text-editor\" data-id=\"56848427\" data-element_type=\"widget\" data-e-type=\"widget\" data-widget_type=\"text-editor.default\">\n\t\t\t\t<div class=\"elementor-widget-container\">\n\t\t\t\t\t\t\t\t\t\n<h4 class=\"wp-block-heading\">Who we are<\/h4>\n<p class=\"translation-block\">Our website address is: <a href=\"https:\/\/regioconnect.org\/en\/\" target=\"_new\" rel=\"noopener\">https:\/\/regioconnect.org<\/a>.<\/p>\n<h4>\u00a0<\/h4>\n<h4>Kommentare<\/h4>\n<p>Wenn Besucher Kommentare auf der Website hinterlassen, sammeln wir die im Kommentarformular eingegebenen Daten, die IP-Adresse des Besuchers und den User-Agent-String (zur Browser-Identifikation), um Spam-Erkennung zu unterst\u00fctzen.<\/p>\n<p>Eine anonymisierte Zeichenfolge (Hash) Ihrer E-Mail-Adresse kann dem Gravatar-Dienst \u00fcbermittelt werden, um zu pr\u00fcfen, ob Sie diesen nutzen. Die Datenschutzerkl\u00e4rung von Gravatar finden Sie hier: <a href=\"https:\/\/automattic.com\/privacy\/\" target=\"_new\" rel=\"noopener\">https:\/\/automattic.com\/privacy\/<\/a>. Nach Freigabe Ihres Kommentars ist Ihr Profilbild im Kontext des Kommentars \u00f6ffentlich sichtbar.<\/p>\n<h4>\u00a0<\/h4>\n<h4>Medien<\/h4>\n<p>Wenn Sie ein registrierter Benutzer sind und Bilder auf unsere Website hochladen, vermeiden Sie bitte Bilder mit eingebetteten Standortdaten (EXIF-GPS). Besucher k\u00f6nnten diese Standortdaten extrahieren, wenn sie die Bilder herunterladen.<\/p>\n<h4>\u00a0<\/h4>\n<h4>Cookies<\/h4>\n<ul>\n<li><strong>Kommentare:<\/strong> Beim Schreiben eines Kommentars k\u00f6nnen Name, E-Mail und Website in Cookies gespeichert werden, um Ihnen Komfort bei zuk\u00fcnftigen Kommentaren zu bieten. Diese Cookies bleiben ein Jahr lang gespeichert.<\/li>\n<li><strong>Anmeldung:<\/strong> Bei der Anmeldung setzen wir tempor\u00e4re Cookies, um festzustellen, ob Ihr Browser Cookies akzeptiert. Nach erfolgreicher Anmeldung werden Cookies gesetzt, um Anmeldedaten und Anzeigeoptionen zu speichern. Anmelde-Cookies verfallen nach zwei Tagen, Anzeigeoption-Cookies nach einem Jahr. Bei der Option \u201eAngemeldet bleiben\u201c wird die Anmeldung zwei Wochen lang aufrechterhalten. Mit der Abmeldung werden diese Cookies gel\u00f6scht.<\/li>\n<li><strong>Bearbeitung:<\/strong> Beim Bearbeiten oder Ver\u00f6ffentlichen eines Artikels wird ein Cookie gespeichert, der nach einem Tag verf\u00e4llt und keine pers\u00f6nlichen Daten enth\u00e4lt.<\/li>\n<\/ul>\n<h4>\u00a0<\/h4>\n<h4>Eingebettete Inhalte<\/h4>\n<p>Beitr\u00e4ge auf dieser Website k\u00f6nnen Inhalte von Drittanbietern einbetten (z. B. Videos, Bilder, Beitr\u00e4ge). Eingebettete Inhalte verhalten sich genauso, als h\u00e4tten Sie die Drittanbieter-Website besucht. Diese Websites k\u00f6nnen Daten sammeln, Cookies nutzen, zus\u00e4tzliche Tracking-Dienste verwenden und Ihre Interaktion aufzeichnen, insbesondere, wenn Sie dort ein Konto haben und angemeldet sind.<\/p>\n<h4>\u00a0<\/h4>\n<h4>Mit wem wir Ihre Daten teilen<\/h4>\n<p>Im Fall einer Passwort-Zur\u00fccksetzung wird Ihre IP-Adresse in der entsprechenden E-Mail aufgef\u00fchrt.<\/p>\n<h4>\u00a0<\/h4>\n<h4>Wie lange wir Ihre Daten speichern<\/h4>\n<p>Kommentare und deren Metadaten werden unbegrenzt gespeichert, um Folgekommentare automatisch erkennen und freigeben zu k\u00f6nnen. F\u00fcr registrierte Benutzer speichern wir die pers\u00f6nlichen Informationen, die im Benutzerprofil angegeben wurden. Diese Daten k\u00f6nnen von den Benutzern selbst oder von Administratoren eingesehen, ver\u00e4ndert oder gel\u00f6scht werden.<\/p>\n<h4>\u00a0<\/h4>\n<h4>Ihre Rechte an Ihren Daten<\/h4>\n<p>Sie k\u00f6nnen einen Export Ihrer personenbezogenen Daten anfordern, einschlie\u00dflich aller Daten, die Sie uns bereitgestellt haben. Zudem k\u00f6nnen Sie die L\u00f6schung aller von uns gespeicherten personenbezogenen Daten verlangen, au\u00dfer denjenigen, die wir aus administrativen, rechtlichen oder sicherheitsrelevanten Gr\u00fcnden aufbewahren m\u00fcssen.<\/p>\n<h4>\u00a0<\/h4>\n<h4>Wohin Ihre Daten gesendet werden<\/h4>\n<p>Besucher-Kommentare k\u00f6nnen durch einen automatisierten Dienst zur Spam-Erkennung \u00fcberpr\u00fcft werden.<\/p>\t\t\t\t\t\t\t\t<\/div>\n\t\t\t\t<\/div>\n\t\t\t\t\t<\/div>\n\t\t\t\t<\/div>\n\t\t\t\t<\/div>","protected":false},"excerpt":{"rendered":"<p>Datenschutz Wer wir sind Die Adresse unserer Website lautet: https:\/\/regioconnect.org. \u00a0 Kommentare Wenn Besucher Kommentare auf der Website hinterlassen, sammeln wir die im Kommentarformular eingegebenen Daten, die IP-Adresse des Besuchers und den User-Agent-String (zur Browser-Identifikation), um Spam-Erkennung zu unterst\u00fctzen. Eine anonymisierte Zeichenfolge (Hash) Ihrer E-Mail-Adresse kann dem Gravatar-Dienst \u00fcbermittelt werden, um zu pr\u00fcfen, ob Sie [&hellip;]<\/p>\n","protected":false},"author":1,"featured_media":0,"parent":0,"menu_order":0,"comment_status":"closed","ping_status":"open","template":"","meta":{"footnotes":""},"class_list":["post-3","page","type-page","status-publish","hentry"],"_links":{"self":[{"href":"https:\/\/regioconnect.org\/en\/wp-json\/wp\/v2\/pages\/3","targetHints":{"allow":["GET"]}}],"collection":[{"href":"https:\/\/regioconnect.org\/en\/wp-json\/wp\/v2\/pages"}],"about":[{"href":"https:\/\/regioconnect.org\/en\/wp-json\/wp\/v2\/types\/page"}],"author":[{"embeddable":true,"href":"https:\/\/regioconnect.org\/en\/wp-json\/wp\/v2\/users\/1"}],"replies":[{"embeddable":true,"href":"https:\/\/regioconnect.org\/en\/wp-json\/wp\/v2\/comments?post=3"}],"version-history":[{"count":17,"href":"https:\/\/regioconnect.org\/en\/wp-json\/wp\/v2\/pages\/3\/revisions"}],"predecessor-version":[{"id":924,"href":"https:\/\/regioconnect.org\/en\/wp-json\/wp\/v2\/pages\/3\/revisions\/924"}],"wp:attachment":[{"href":"https:\/\/regioconnect.org\/en\/wp-json\/wp\/v2\/media?parent=3"}],"curies":[{"name":"wp","href":"https:\/\/api.w.org\/{rel}","templated":true}]}}